{"id":4827,"date":"2022-04-26T09:07:52","date_gmt":"2022-04-26T08:07:52","guid":{"rendered":"https:\/\/www.s-wings.surf\/?post_type=product&#038;p=4827"},"modified":"2026-04-14T17:27:17","modified_gmt":"2026-04-14T16:27:17","slug":"log_blue","status":"publish","type":"product","link":"https:\/\/www.s-wings.surf\/en\/produit\/log_blue\/","title":{"rendered":"LOG 9.5 \/ Blue"},"content":{"rendered":"<p><\/p>\n<p>Ideal for <strong>retro longboard<\/strong> with a big surface.<\/p>\n<p>This model has more surface than the DINOFIN for stability on noserides. Could be the equivalent to a D fin but with lots of propulsion thanks to the trailing arm when the surfer puts pression on top of the fin.<\/p>\n<p>Two colors, Blue (+165lbs, stiff) and Pink (-165lbs, more flexible)\u00a0<\/p>\n<p>This fin is 9.5&#8221; tall.\u00a0<\/p>\n<p>&nbsp;<\/p>\n<p><\/p>","protected":false},"excerpt":{"rendered":"<p>Ideal for retro longboard with a big surface. This model has more surface than the DINOFIN for stability on noserides. Could be the equivalent to a D fin but with lots of propulsion thanks to the trailing arm when the [&hellip;]<\/p>\n","protected":false},"featured_media":5059,"comment_status":"closed","ping_status":"closed","template":"","meta":{"_acf_changed":false,"_seopress_robots_primary_cat":"","_seopress_titles_title":"","_seopress_titles_desc":"Id\u00e9al pour les retro longboard avec beaucoup de surface.Ce mod\u00e8le a plus de surface que la DINOFIN pour plus de stabilit\u00e9 sur les noserides. Qui pourrait \u00eatre l\u2019\u00e9quivalent d\u2019une D fin mais avec une propulsion gr\u00e2ce \u00e0 l\u2019appendice lorsque le surfeur exerce une pression au dessus de la d\u00e9rive. Cette d\u00e9rive Single de 9.5&quot; de haut.","_seopress_robots_index":""},"product_brand":[],"product_cat":[67,104,79,127,73,124,123],"product_tag":[80,90,81,91,85],"class_list":{"0":"post-4827","1":"product","2":"type-product","3":"status-publish","4":"has-post-thumbnail","6":"product_cat-derives","7":"product_cat-derives-pour-le-surf","8":"product_cat-retro-longboardglider","9":"product_cat-retro-longboard-glider","10":"product_cat-single","11":"product_cat-single-us-box","12":"product_cat-us-box","13":"product_tag-derives","14":"product_tag-orange","15":"product_tag-surf","16":"product_tag-surfeur","17":"product_tag-swings","18":"pa_planche-retro-longboard-glider","19":"pa_planche-single","20":"pa_poids-70kg","21":"pa_poids-70-a-80kg","22":"pa_qualite-des-vagues-bumpy","23":"pa_qualite-des-vagues-glassy","24":"pa_taille-des-vagues-medium","25":"pa_taille-des-vagues-petit","27":"first","28":"instock","29":"taxable","30":"shipping-taxable","31":"purchasable","32":"product-type-simple"},"composite_virtual":false,"composite_layout":"","composite_add_to_cart_form_location":"","composite_editable_in_cart":false,"composite_sold_individually_context":"","composite_shop_price_calc":"","composite_components":[],"composite_scenarios":[],"acf":[],"_links":{"self":[{"href":"https:\/\/www.s-wings.surf\/en\/wp-json\/wp\/v2\/product\/4827","targetHints":{"allow":["GET"]}}],"collection":[{"href":"https:\/\/www.s-wings.surf\/en\/wp-json\/wp\/v2\/product"}],"about":[{"href":"https:\/\/www.s-wings.surf\/en\/wp-json\/wp\/v2\/types\/product"}],"replies":[{"embeddable":true,"href":"https:\/\/www.s-wings.surf\/en\/wp-json\/wp\/v2\/comments?post=4827"}],"wp:featuredmedia":[{"embeddable":true,"href":"https:\/\/www.s-wings.surf\/en\/wp-json\/wp\/v2\/media\/5059"}],"wp:attachment":[{"href":"https:\/\/www.s-wings.surf\/en\/wp-json\/wp\/v2\/media?parent=4827"}],"wp:term":[{"taxonomy":"product_brand","embeddable":true,"href":"https:\/\/www.s-wings.surf\/en\/wp-json\/wp\/v2\/product_brand?post=4827"},{"taxonomy":"product_cat","embeddable":true,"href":"https:\/\/www.s-wings.surf\/en\/wp-json\/wp\/v2\/product_cat?post=4827"},{"taxonomy":"product_tag","embeddable":true,"href":"https:\/\/www.s-wings.surf\/en\/wp-json\/wp\/v2\/product_tag?post=4827"}],"curies":[{"name":"wp","href":"https:\/\/api.w.org\/{rel}","templated":true}]}}